{"id":60,"date":"2021-04-09T17:17:14","date_gmt":"2021-04-09T17:17:14","guid":{"rendered":"http:\/\/vgisserverint1.ville.longueuil.qc.ca\/portail\/?page_id=60"},"modified":"2023-10-04T10:15:03","modified_gmt":"2023-10-04T14:15:03","slug":"documentation-utile","status":"publish","type":"page","link":"https:\/\/gociteweb.longueuil.quebec\/portail\/documentation-utile\/","title":{"rendered":"Liens utiles"},"content":{"rendered":"\n<div class=\"wp-block-file\"><a id=\"wp-block-file--media-e14acb32-05b8-4721-a5bc-334c98aa82ac\" href=\"http:\/\/gociteweb.longueuil.quebec\/portail\/wp-content\/uploads\/2021\/04\/Code_Utilisation1.pdf\" target=\"_blank\" rel=\"noreferrer noopener\"><img loading=\"lazy\" decoding=\"async\" width=\"512\" height=\"512\" class=\"wp-image-111\" style=\"width: 30px;\" src=\"http:\/\/gociteweb.longueuil.quebec\/portail\/wp-content\/uploads\/2021\/04\/pdf-1.png\" alt=\"Icone PDF\" srcset=\"https:\/\/gociteweb.longueuil.quebec\/portail\/wp-content\/uploads\/2021\/04\/pdf-1.png 512w, https:\/\/gociteweb.longueuil.quebec\/portail\/wp-content\/uploads\/2021\/04\/pdf-1-300x300.png 300w, https:\/\/gociteweb.longueuil.quebec\/portail\/wp-content\/uploads\/2021\/04\/pdf-1-150x150.png 150w\" sizes=\"(max-width: 512px) 100vw, 512px\" \/>Code d&rsquo;utilisation &#8211; R\u00f4le<\/a><a href=\"http:\/\/gociteweb.longueuil.quebec\/portail\/wp-content\/uploads\/2021\/04\/Code_Utilisation1.pdf\" class=\"wp-block-file__button wp-element-button\" download aria-describedby=\"wp-block-file--media-e14acb32-05b8-4721-a5bc-334c98aa82ac\">T\u00e9l\u00e9charger<\/a><\/div>\n\n\n\n<p><img loading=\"lazy\" decoding=\"async\" width=\"30\" height=\"30\" class=\"wp-image-1939\" style=\"width: 30px;\" src=\"http:\/\/gociteweb.longueuil.quebec\/portail\/wp-content\/uploads\/2022\/11\/icons8-lien-30.png\" alt=\"\"><a href=\"https:\/\/gociteweb.longueuil.quebec\/portail\/schema-de-mise-a-jour-des-donnees-par-categorie\/\">Sch\u00e9mas de mise \u00e0 jour des donn\u00e9es par cat\u00e9gorie<\/a><\/p>\n\n\n\n<p><img loading=\"lazy\" decoding=\"async\" width=\"512\" height=\"512\" class=\"wp-image-1295\" style=\"width: 34px;\" src=\"http:\/\/gociteweb.longueuil.quebec\/portail\/wp-content\/uploads\/2021\/11\/rapport-dactivite.png\" alt=\"\" srcset=\"https:\/\/gociteweb.longueuil.quebec\/portail\/wp-content\/uploads\/2021\/11\/rapport-dactivite.png 512w, https:\/\/gociteweb.longueuil.quebec\/portail\/wp-content\/uploads\/2021\/11\/rapport-dactivite-300x300.png 300w, https:\/\/gociteweb.longueuil.quebec\/portail\/wp-content\/uploads\/2021\/11\/rapport-dactivite-150x150.png 150w\" sizes=\"(max-width: 512px) 100vw, 512px\" \/><a href=\"https:\/\/fme.longueuil.quebec\/fmeserver\/apps\/RapportProprietaires-ParAdresseOuMatricule\" target=\"_blank\" rel=\"noreferrer noopener\">Rapport de(s) propri\u00e9taire(s) par propri\u00e9t\u00e9 \u00e0 partir de la matrice graphique<\/a><\/p>\n","protected":false},"excerpt":{"rendered":"<p>Sch\u00e9mas de mise \u00e0 jour des donn\u00e9es par cat\u00e9gorie Rapport de(s) propri\u00e9taire(s) par propri\u00e9t\u00e9 \u00e0 partir de la matrice graphique<\/p>\n","protected":false},"author":1,"featured_media":0,"parent":0,"menu_order":0,"comment_status":"closed","ping_status":"closed","template":"","meta":{"zakra_sidebar_layout":"customizer","zakra_remove_content_margin":false,"zakra_sidebar":"customizer","zakra_transparent_header":"customizer","zakra_logo":0,"zakra_main_header_style":"default","zakra_menu_item_color":"","zakra_menu_item_hover_color":null,"zakra_menu_item_active_color":"","zakra_menu_active_style":"zakra_menu_active_style","zakra_page_header":true,"_monsterinsights_skip_tracking":false,"_monsterinsights_sitenote_active":false,"_monsterinsights_sitenote_note":"","_monsterinsights_sitenote_category":0,"footnotes":""},"_links":{"self":[{"href":"https:\/\/gociteweb.longueuil.quebec\/portail\/wp-json\/wp\/v2\/pages\/60"}],"collection":[{"href":"https:\/\/gociteweb.longueuil.quebec\/portail\/wp-json\/wp\/v2\/pages"}],"about":[{"href":"https:\/\/gociteweb.longueuil.quebec\/portail\/wp-json\/wp\/v2\/types\/page"}],"author":[{"embeddable":true,"href":"https:\/\/gociteweb.longueuil.quebec\/portail\/wp-json\/wp\/v2\/users\/1"}],"replies":[{"embeddable":true,"href":"https:\/\/gociteweb.longueuil.quebec\/portail\/wp-json\/wp\/v2\/comments?post=60"}],"version-history":[{"count":11,"href":"https:\/\/gociteweb.longueuil.quebec\/portail\/wp-json\/wp\/v2\/pages\/60\/revisions"}],"predecessor-version":[{"id":2078,"href":"https:\/\/gociteweb.longueuil.quebec\/portail\/wp-json\/wp\/v2\/pages\/60\/revisions\/2078"}],"wp:attachment":[{"href":"https:\/\/gociteweb.longueuil.quebec\/portail\/wp-json\/wp\/v2\/media?parent=60"}],"curies":[{"name":"wp","href":"https:\/\/api.w.org\/{rel}","templated":true}]}}