{"id":587,"date":"2021-04-19T14:30:40","date_gmt":"2021-04-19T14:30:40","guid":{"rendered":"http:\/\/vgisserverint1.ville.longueuil.qc.ca\/portail\/?page_id=587"},"modified":"2021-06-29T13:56:22","modified_gmt":"2021-06-29T13:56:22","slug":"videos-de-formation","status":"publish","type":"page","link":"https:\/\/gociteweb.longueuil.quebec\/portail\/videos-de-formation\/","title":{"rendered":"Vid\u00e9os de formation"},"content":{"rendered":"\n<h2 class=\"has-text-align-center wp-block-heading\">Formation compl\u00e8te<\/h2>\n\n\n\n<hr class=\"wp-block-separator has-text-color has-background is-style-wide\" style=\"background-color:#003da7;color:#003da7\"\/>\n\n\n\n<figure class=\"wp-block-embed alignwide is-type-video is-provider-youtube wp-block-embed-youtube wp-embed-aspect-16-9 wp-has-aspect-ratio\"><div class=\"wp-block-embed__wrapper\">\n<div class=\"zak-oembed-container\"><iframe loading=\"lazy\" title=\"GOcite\u0301 web : Formation compl\u00e8te\" width=\"812\" height=\"457\" src=\"https:\/\/www.youtube.com\/embed\/-H_hKupN0oA?feature=oembed\" frameborder=\"0\" allow=\"accelerometer; autoplay; clipboard-write; encrypted-media; gyroscope; picture-in-picture\" allowfullscreen><\/iframe><\/div>\n<\/div><\/figure>\n\n\n\n<div style=\"height:50px\" aria-hidden=\"true\" class=\"wp-block-spacer\"><\/div>\n\n\n\n<h2 class=\"has-text-align-center wp-block-heading\">Capsules d&rsquo;information<\/h2>\n\n\n\n<hr class=\"wp-block-separator has-text-color has-background is-style-wide\" style=\"background-color:#003da7;color:#003da7\"\/>\n\n\n\n<div class=\"wp-block-columns is-layout-flex wp-container-core-columns-layout-1 wp-block-columns-is-layout-flex\">\n<div class=\"wp-block-column is-layout-flow wp-block-column-is-layout-flow\">\n<figure class=\"wp-block-embed is-type-video is-provider-youtube wp-block-embed-youtube wp-embed-aspect-16-9 wp-has-aspect-ratio\"><div class=\"wp-block-embed__wrapper\">\n<div class=\"zak-oembed-container\"><iframe loading=\"lazy\" title=\"GOcit\u00e9 web : Localiser un endroit et trouver le propri\u00e9taire d&#039;un lot\" width=\"812\" height=\"457\" src=\"https:\/\/www.youtube.com\/embed\/F0iTWC6pJ6U?feature=oembed\" frameborder=\"0\" allow=\"accelerometer; autoplay; clipboard-write; encrypted-media; gyroscope; picture-in-picture\" allowfullscreen><\/iframe><\/div>\n<\/div><\/figure>\n\n\n\n<h5 class=\"has-text-align-center has-normal-font-size wp-block-heading\">Localiser un endroit et trouver le propri\u00e9taire d&rsquo;une propri\u00e9t\u00e9<\/h5>\n\n\n\n<hr class=\"wp-block-separator has-text-color has-background is-style-wide\" style=\"background-color:#003da7;color:#003da7\"\/>\n\n\n\n<figure class=\"wp-block-embed is-type-video is-provider-youtube wp-block-embed-youtube wp-embed-aspect-16-9 wp-has-aspect-ratio\"><div class=\"wp-block-embed__wrapper\">\n<div class=\"zak-oembed-container\"><iframe loading=\"lazy\" title=\"GOcit\u00e9 web : Utiliser l&#039;infobulle\" width=\"812\" height=\"457\" src=\"https:\/\/www.youtube.com\/embed\/CtKB1I43xGE?feature=oembed\" frameborder=\"0\" allow=\"accelerometer; autoplay; clipboard-write; encrypted-media; gyroscope; picture-in-picture\" allowfullscreen><\/iframe><\/div>\n<\/div><\/figure>\n\n\n\n<h4 class=\"has-text-align-center has-normal-font-size wp-block-heading\">Utiliser l&rsquo;infobulle<\/h4>\n\n\n\n<hr class=\"wp-block-separator has-text-color has-background is-style-wide\" style=\"background-color:#003da7;color:#003da7\"\/>\n\n\n\n<figure class=\"wp-block-embed is-type-video is-provider-youtube wp-block-embed-youtube wp-embed-aspect-16-9 wp-has-aspect-ratio\"><div class=\"wp-block-embed__wrapper\">\n<div class=\"zak-oembed-container\"><iframe loading=\"lazy\" title=\"GOcit\u00e9 web : Prendre des mesures\" width=\"812\" height=\"457\" src=\"https:\/\/www.youtube.com\/embed\/jKLnN2Q6-Cg?feature=oembed\" frameborder=\"0\" allow=\"accelerometer; autoplay; clipboard-write; encrypted-media; gyroscope; picture-in-picture\" allowfullscreen><\/iframe><\/div>\n<\/div><\/figure>\n\n\n\n<h4 class=\"has-text-align-center has-normal-font-size wp-block-heading\">Prendre des mesures<\/h4>\n\n\n\n<hr class=\"wp-block-separator has-text-color has-background is-style-wide\" style=\"background-color:#003da7;color:#003da7\"\/>\n\n\n\n<figure class=\"wp-block-embed is-type-video is-provider-youtube wp-block-embed-youtube wp-embed-aspect-16-9 wp-has-aspect-ratio\"><div class=\"wp-block-embed__wrapper\">\n<div class=\"zak-oembed-container\"><iframe loading=\"lazy\" title=\"GOcit\u00e9 web : Ajouter des dessins et imprimer\" width=\"812\" height=\"457\" src=\"https:\/\/www.youtube.com\/embed\/kqhgwHU41bI?feature=oembed\" frameborder=\"0\" allow=\"accelerometer; autoplay; clipboard-write; encrypted-media; gyroscope; picture-in-picture\" allowfullscreen><\/iframe><\/div>\n<\/div><\/figure>\n\n\n\n<h4 class=\"has-text-align-center has-normal-font-size wp-block-heading\">Ajouter des dessins et imprimer<\/h4>\n\n\n\n<hr class=\"wp-block-separator has-text-color has-background is-style-wide\" style=\"background-color:#003da7;color:#003da7\"\/>\n\n\n\n<figure class=\"wp-block-embed is-type-video is-provider-youtube wp-block-embed-youtube wp-embed-aspect-16-9 wp-has-aspect-ratio\"><div class=\"wp-block-embed__wrapper\">\n<div class=\"zak-oembed-container\"><iframe loading=\"lazy\" title=\"GOcit\u00e9 web : Ajouter des donn\u00e9es\" width=\"812\" height=\"457\" src=\"https:\/\/www.youtube.com\/embed\/aUEeSg0F3EM?feature=oembed\" frameborder=\"0\" allow=\"accelerometer; autoplay; clipboard-write; encrypted-media; gyroscope; picture-in-picture\" allowfullscreen><\/iframe><\/div>\n<\/div><\/figure>\n\n\n\n<h4 class=\"has-text-align-center has-normal-font-size wp-block-heading\">Ajouter des donn\u00e9es<\/h4>\n\n\n\n<hr class=\"wp-block-separator has-text-color has-background is-style-wide\" style=\"background-color:#003da7;color:#003da7\"\/>\n<\/div>\n\n\n\n<div class=\"wp-block-column is-layout-flow wp-block-column-is-layout-flow\">\n<figure class=\"wp-block-embed is-type-video is-provider-youtube wp-block-embed-youtube wp-embed-aspect-16-9 wp-has-aspect-ratio\"><div class=\"wp-block-embed__wrapper\">\n<div class=\"zak-oembed-container\"><iframe loading=\"lazy\" title=\"GOcit\u00e9 web : Utiliser la table attributaire\" width=\"812\" height=\"457\" src=\"https:\/\/www.youtube.com\/embed\/u1cnargUFCo?feature=oembed\" frameborder=\"0\" allow=\"accelerometer; autoplay; clipboard-write; encrypted-media; gyroscope; picture-in-picture\" allowfullscreen><\/iframe><\/div>\n<\/div><\/figure>\n\n\n\n<h4 class=\"has-text-align-center has-normal-font-size wp-block-heading\">Utiliser la table attributaire<\/h4>\n\n\n\n<hr class=\"wp-block-separator has-text-color has-background is-style-wide\" style=\"background-color:#003da7;color:#003da7\"\/>\n\n\n\n<figure class=\"wp-block-embed is-type-video is-provider-youtube wp-block-embed-youtube wp-embed-aspect-16-9 wp-has-aspect-ratio\"><div class=\"wp-block-embed__wrapper\">\n<div class=\"zak-oembed-container\"><iframe loading=\"lazy\" title=\"GOcit\u00e9 web : Utiliser les g\u00e9osignets\" width=\"812\" height=\"457\" src=\"https:\/\/www.youtube.com\/embed\/V77uXEArLNc?feature=oembed\" frameborder=\"0\" allow=\"accelerometer; autoplay; clipboard-write; encrypted-media; gyroscope; picture-in-picture\" allowfullscreen><\/iframe><\/div>\n<\/div><\/figure>\n\n\n\n<h4 class=\"has-text-align-center has-normal-font-size wp-block-heading\">Utiliser les g\u00e9osignets<\/h4>\n\n\n\n<hr class=\"wp-block-separator has-text-color has-background is-style-wide\" style=\"background-color:#003da7;color:#003da7\"\/>\n\n\n\n<figure class=\"wp-block-embed is-type-video is-provider-youtube wp-block-embed-youtube wp-embed-aspect-16-9 wp-has-aspect-ratio\"><div class=\"wp-block-embed__wrapper\">\n<div class=\"zak-oembed-container\"><iframe loading=\"lazy\" title=\"GOcit\u00e9 web : Balayer des orthophotos\" width=\"812\" height=\"457\" src=\"https:\/\/www.youtube.com\/embed\/tow3UPHjs0E?feature=oembed\" frameborder=\"0\" allow=\"accelerometer; autoplay; clipboard-write; encrypted-media; gyroscope; picture-in-picture\" allowfullscreen><\/iframe><\/div>\n<\/div><\/figure>\n\n\n\n<h4 class=\"has-text-align-center has-normal-font-size wp-block-heading\">Balayer des orthophotos<\/h4>\n\n\n\n<hr class=\"wp-block-separator has-text-color has-background is-style-wide\" style=\"background-color:#003da7;color:#003da7\"\/>\n\n\n\n<figure class=\"wp-block-embed is-type-video is-provider-youtube wp-block-embed-youtube wp-embed-aspect-16-9 wp-has-aspect-ratio\"><div class=\"wp-block-embed__wrapper\">\n<div class=\"zak-oembed-container\"><iframe loading=\"lazy\" title=\"GOcit\u00e9 web : Utiliser la recherche avanc\u00e9e\" width=\"812\" height=\"457\" src=\"https:\/\/www.youtube.com\/embed\/GZcNiLUiMZY?feature=oembed\" frameborder=\"0\" allow=\"accelerometer; autoplay; clipboard-write; encrypted-media; gyroscope; picture-in-picture\" allowfullscreen><\/iframe><\/div>\n<\/div><\/figure>\n\n\n\n<h4 class=\"has-text-align-center has-normal-font-size wp-block-heading\">Utiliser la recherche avanc\u00e9e<\/h4>\n\n\n\n<hr class=\"wp-block-separator has-text-color has-background is-style-wide\" style=\"background-color:#003da7;color:#003da7\"\/>\n<\/div>\n<\/div>\n\n\n\n<div class=\"wp-block-columns is-layout-flex wp-container-core-columns-layout-2 wp-block-columns-is-layout-flex\">\n<div class=\"wp-block-column is-layout-flow wp-block-column-is-layout-flow\" style=\"flex-basis:50%\">\n<p><\/p>\n<\/div>\n<\/div>\n","protected":false},"excerpt":{"rendered":"<p>Formation compl\u00e8te Capsules d&rsquo;information Localiser un endroit et trouver le propri\u00e9taire d&rsquo;une propri\u00e9t\u00e9 Utiliser l&rsquo;infobulle Prendre des mesures Ajouter des dessins et imprimer Ajouter des donn\u00e9es Utiliser la table attributaire Utiliser les g\u00e9osignets Balayer des orthophotos Utiliser la recherche avanc\u00e9e<\/p>\n","protected":false},"author":1,"featured_media":0,"parent":0,"menu_order":0,"comment_status":"closed","ping_status":"closed","template":"","meta":{"zakra_sidebar_layout":"customizer","zakra_remove_content_margin":false,"zakra_sidebar":"customizer","zakra_transparent_header":"customizer","zakra_logo":0,"zakra_main_header_style":"default","zakra_menu_item_color":"","zakra_menu_item_hover_color":null,"zakra_menu_item_active_color":"","zakra_menu_active_style":"zakra_menu_active_style","zakra_page_header":true,"_monsterinsights_skip_tracking":false,"_monsterinsights_sitenote_active":false,"_monsterinsights_sitenote_note":"","_monsterinsights_sitenote_category":0,"footnotes":""},"_links":{"self":[{"href":"https:\/\/gociteweb.longueuil.quebec\/portail\/wp-json\/wp\/v2\/pages\/587"}],"collection":[{"href":"https:\/\/gociteweb.longueuil.quebec\/portail\/wp-json\/wp\/v2\/pages"}],"about":[{"href":"https:\/\/gociteweb.longueuil.quebec\/portail\/wp-json\/wp\/v2\/types\/page"}],"author":[{"embeddable":true,"href":"https:\/\/gociteweb.longueuil.quebec\/portail\/wp-json\/wp\/v2\/users\/1"}],"replies":[{"embeddable":true,"href":"https:\/\/gociteweb.longueuil.quebec\/portail\/wp-json\/wp\/v2\/comments?post=587"}],"version-history":[{"count":25,"href":"https:\/\/gociteweb.longueuil.quebec\/portail\/wp-json\/wp\/v2\/pages\/587\/revisions"}],"predecessor-version":[{"id":1275,"href":"https:\/\/gociteweb.longueuil.quebec\/portail\/wp-json\/wp\/v2\/pages\/587\/revisions\/1275"}],"wp:attachment":[{"href":"https:\/\/gociteweb.longueuil.quebec\/portail\/wp-json\/wp\/v2\/media?parent=587"}],"curies":[{"name":"wp","href":"https:\/\/api.w.org\/{rel}","templated":true}]}}