{"id":2,"date":"2021-04-01T15:54:08","date_gmt":"2021-04-01T15:54:08","guid":{"rendered":"http:\/\/localhost\/portail\/?page_id=2"},"modified":"2025-09-03T09:29:46","modified_gmt":"2025-09-03T13:29:46","slug":"page-d-exemple","status":"publish","type":"page","link":"https:\/\/gociteweb.longueuil.quebec\/portail\/","title":{"rendered":"Portail GOcit\u00e9"},"content":{"rendered":"\n<p class=\"has-medium-font-size\"><strong>Pour acc\u00e9der \u00e0 GOcit\u00e9 web, appuyer sur le bouton ci-dessous. Lorsque demand\u00e9, veuillez vous connecter de la fa\u00e7on suivante:<\/strong><\/p>\n\n\n\n<ul>\n<li><strong>Pour les utilisateurs de la ville de Longueuil :<\/strong>\n<ul>\n<li>Utiliser votre compte utilisateur d&rsquo;entreprise (compte9 <em>Windows<\/em>) sous la forme suivante :\n<ul>\n<li>Nom d&rsquo;utilisateur : <span style=\"color:#003da7\" class=\"has-inline-color\"><strong>compte9@villong<\/strong><\/span><\/li>\n\n\n\n<li>Mot de passe: M\u00eame mot de passe que pour ouvrir votre session <em>Windows<\/em><\/li>\n<\/ul>\n<\/li>\n<\/ul>\n<\/li>\n\n\n\n<li>Pour obtenir un compte, si par exemple, vos acc\u00e8s ne fonctionnent pas, veuillez contacter <a href=\"mailto:geomatique@longueuil.quebec\">geomatique@longueuil.quebec<\/a> .<\/li>\n<\/ul>\n\n\n\n<div style=\"height:10px\" aria-hidden=\"true\" class=\"wp-block-spacer\"><\/div>\n\n\n\n<ul>\n<li><strong>Pour les utilisateurs \u00e0 l&rsquo;ext\u00e9rieur de la ville de Longueuil<\/strong>\n<ul>\n<li>Utiliser le nom d&rsquo;utilisateur et le mot de passe que nous vous avons fourni<\/li>\n\n\n\n<li><a style=\"font-size:16px\" rel=\"noreferrer noopener\" href=\"https:\/\/portailgociteweb.longueuil.quebec\/portal\/home\/user.html\" data-type=\"URL\" data-id=\"https:\/\/portailgociteweb.longueuil.quebec\/portal\/home\/user.html\" target=\"_blank\"><strong>Pour r\u00e9cup\u00e9rer un mot de passe oubli\u00e9\/perdu ou pour mettre \u00e0 jour votre profil<\/strong><\/a><\/li>\n<\/ul>\n<\/li>\n<\/ul>\n\n\n\n<div style=\"height:24px\" aria-hidden=\"true\" class=\"wp-block-spacer\"><\/div>\n\n\n\n<div class=\"wp-block-button aligncenter a:visited { color: white; }\"><a class=\"wp-block-button__link has-background wp-element-button\" href=\"https:\/\/gociteweb.longueuil.quebec\/gociteweb\/\" style=\"background-color:#003da7\" target=\"_blank\" rel=\"noreferrer noopener\"><strong>Entrer<\/strong><\/a><\/div>\n\n\n\n<div style=\"height:24px\" aria-hidden=\"true\" class=\"wp-block-spacer\"><\/div>\n\n\n\n<p>Pour toutes mises \u00e0 jour de donn\u00e9es, veuillez nous envoyer un courriel \u00e0 l&rsquo;adresse <a href=\"mailto:geomatique@longueuil.quebec\">geomatique@longueuil.quebec<\/a>. Pour nous soumettre vos commentaires, vous pouvez remplir notre formulaire&nbsp;<a href=\"https:\/\/form.asana.com\/?k=GuIoyjUorUT7G5o2OIsk5Q&amp;d=111534444939537\">Vos commentaires<\/a>.<\/p>\n","protected":false},"excerpt":{"rendered":"<p>Pour acc\u00e9der \u00e0 GOcit\u00e9 web, appuyer sur le bouton ci-dessous. Lorsque demand\u00e9, veuillez vous connecter de la fa\u00e7on suivante: Pour toutes mises \u00e0 jour de donn\u00e9es, veuillez nous envoyer un courriel \u00e0 l&rsquo;adresse geomatique@longueuil.quebec. Pour nous soumettre vos commentaires, vous pouvez remplir notre formulaire&nbsp;Vos commentaires.<\/p>\n","protected":false},"author":1,"featured_media":0,"parent":0,"menu_order":0,"comment_status":"closed","ping_status":"open","template":"","meta":{"zakra_sidebar_layout":"right","zakra_remove_content_margin":false,"zakra_sidebar":"sidebar-right","zakra_transparent_header":"customizer","zakra_logo":0,"zakra_main_header_style":"default","zakra_menu_item_color":"","zakra_menu_item_hover_color":null,"zakra_menu_item_active_color":"","zakra_menu_active_style":"zakra_menu_active_style","zakra_page_header":true,"_monsterinsights_skip_tracking":false,"_monsterinsights_sitenote_active":false,"_monsterinsights_sitenote_note":"","_monsterinsights_sitenote_category":0,"footnotes":""},"_links":{"self":[{"href":"https:\/\/gociteweb.longueuil.quebec\/portail\/wp-json\/wp\/v2\/pages\/2"}],"collection":[{"href":"https:\/\/gociteweb.longueuil.quebec\/portail\/wp-json\/wp\/v2\/pages"}],"about":[{"href":"https:\/\/gociteweb.longueuil.quebec\/portail\/wp-json\/wp\/v2\/types\/page"}],"author":[{"embeddable":true,"href":"https:\/\/gociteweb.longueuil.quebec\/portail\/wp-json\/wp\/v2\/users\/1"}],"replies":[{"embeddable":true,"href":"https:\/\/gociteweb.longueuil.quebec\/portail\/wp-json\/wp\/v2\/comments?post=2"}],"version-history":[{"count":47,"href":"https:\/\/gociteweb.longueuil.quebec\/portail\/wp-json\/wp\/v2\/pages\/2\/revisions"}],"predecessor-version":[{"id":2114,"href":"https:\/\/gociteweb.longueuil.quebec\/portail\/wp-json\/wp\/v2\/pages\/2\/revisions\/2114"}],"wp:attachment":[{"href":"https:\/\/gociteweb.longueuil.quebec\/portail\/wp-json\/wp\/v2\/media?parent=2"}],"curies":[{"name":"wp","href":"https:\/\/api.w.org\/{rel}","templated":true}]}}