{"id":1423,"date":"2022-07-27T11:18:51","date_gmt":"2022-07-27T15:18:51","guid":{"rendered":"https:\/\/gociteweb.longueuil.quebec\/portail\/?page_id=1423"},"modified":"2022-07-27T11:33:20","modified_gmt":"2022-07-27T15:33:20","slug":"schema-de-mise-a-jour-des-donnees-par-categorie","status":"publish","type":"page","link":"https:\/\/gociteweb.longueuil.quebec\/portail\/schema-de-mise-a-jour-des-donnees-par-categorie\/","title":{"rendered":"Sch\u00e9mas de mise \u00e0 jour des donn\u00e9es par cat\u00e9gorie"},"content":{"rendered":"\n<p>Suite \u00e0 un projet d\u2019am\u00e9lioration continue commenc\u00e9 en 2021 par le service de la g\u00e9omatique et technologies innovantes, nous avons proc\u00e9d\u00e9 \u00e0 une s\u00e9rie de rencontres de concert avec diff\u00e9rents intervenants de tous les domaines afin d\u2019\u00e9tablir 11 sch\u00e9mas de mise \u00e0 jour s\u2019appliquant \u00e0 l\u2019ensemble des 400 couches disponibles via GOcit\u00e9 web.<\/p>\n\n\n\n<p>Il est possible de <a href=\"https:\/\/gociteweb.longueuil.quebec\/portail\/catalogue\/couche\">consulter le catalogue des donn\u00e9es<\/a> et voir quel est son sch\u00e9ma de mise \u00e0 jour pour chacune des couches disponibles.<\/p>\n\n\n\n<h5 class=\"wp-block-heading\">Voici les 11 sch\u00e9mas de mise \u00e0 jour des donn\u00e9es g\u00e9omatiques&nbsp;:<\/h5>\n\n\n\n<div class=\"wp-block-file\"><a id=\"wp-block-file--media-4e0d106c-753e-484c-b059-23016aaf0076\" href=\"http:\/\/gociteweb.longueuil.quebec\/portail\/wp-content\/uploads\/2022\/07\/Schema-Adresses.pdf\" target=\"_blank\" rel=\"noreferrer noopener\">Sch\u00e9ma &#8211; Adresses<\/a><a href=\"http:\/\/gociteweb.longueuil.quebec\/portail\/wp-content\/uploads\/2022\/07\/Schema-Adresses.pdf\" class=\"wp-block-file__button\" download aria-describedby=\"wp-block-file--media-4e0d106c-753e-484c-b059-23016aaf0076\">T\u00e9l\u00e9charger<\/a><\/div>\n\n\n\n<div class=\"wp-block-file\"><a id=\"wp-block-file--media-4e0d106c-753e-484c-b059-23016aaf0076\" href=\"http:\/\/gociteweb.longueuil.quebec\/portail\/wp-content\/uploads\/2022\/07\/Schema-Batiments.pdf\" target=\"_blank\" rel=\"noreferrer noopener\">Sch\u00e9ma &#8211; B\u00e2timents<\/a><a href=\"http:\/\/gociteweb.longueuil.quebec\/portail\/wp-content\/uploads\/2022\/07\/Schema-Batiments.pdf\" class=\"wp-block-file__button\" download aria-describedby=\"wp-block-file--media-4e0d106c-753e-484c-b059-23016aaf0076\">T\u00e9l\u00e9charger<\/a><\/div>\n\n\n\n<div class=\"wp-block-file\"><a id=\"wp-block-file--media-4e0d106c-753e-484c-b059-23016aaf0076\" href=\"http:\/\/gociteweb.longueuil.quebec\/portail\/wp-content\/uploads\/2022\/07\/Schema-Cadastre-et-matrice-graphique.pdf\" target=\"_blank\" rel=\"noreferrer noopener\">Sch\u00e9ma &#8211; Cadastre et matrice graphique<\/a><a href=\"http:\/\/gociteweb.longueuil.quebec\/portail\/wp-content\/uploads\/2022\/07\/Schema-Cadastre-et-matrice-graphique.pdf\" class=\"wp-block-file__button\" download aria-describedby=\"wp-block-file--media-4e0d106c-753e-484c-b059-23016aaf0076\">T\u00e9l\u00e9charger<\/a><\/div>\n\n\n\n<div class=\"wp-block-file\"><a id=\"wp-block-file--media-4e0d106c-753e-484c-b059-23016aaf0076\" href=\"http:\/\/gociteweb.longueuil.quebec\/portail\/wp-content\/uploads\/2022\/07\/Schema-Environnement-et-etudes-specialisees.pdf\" target=\"_blank\" rel=\"noreferrer noopener\">Sch\u00e9ma &#8211; Environnement et \u00e9tudes sp\u00e9cialis\u00e9es<\/a><a href=\"http:\/\/gociteweb.longueuil.quebec\/portail\/wp-content\/uploads\/2022\/07\/Schema-Environnement-et-etudes-specialisees.pdf\" class=\"wp-block-file__button\" download aria-describedby=\"wp-block-file--media-4e0d106c-753e-484c-b059-23016aaf0076\">T\u00e9l\u00e9charger<\/a><\/div>\n\n\n\n<div class=\"wp-block-file\"><a id=\"wp-block-file--media-4e0d106c-753e-484c-b059-23016aaf0076\" href=\"http:\/\/gociteweb.longueuil.quebec\/portail\/wp-content\/uploads\/2022\/07\/Schema-Infrastructures-dans-les-voies-publiques.pdf\" target=\"_blank\" rel=\"noreferrer noopener\">Sch\u00e9ma &#8211; Infrastructures dans les voies publiques<\/a><a href=\"http:\/\/gociteweb.longueuil.quebec\/portail\/wp-content\/uploads\/2022\/07\/Schema-Infrastructures-dans-les-voies-publiques.pdf\" class=\"wp-block-file__button\" download aria-describedby=\"wp-block-file--media-4e0d106c-753e-484c-b059-23016aaf0076\">T\u00e9l\u00e9charger<\/a><\/div>\n\n\n\n<div class=\"wp-block-file\"><a id=\"wp-block-file--media-4e0d106c-753e-484c-b059-23016aaf0076\" href=\"http:\/\/gociteweb.longueuil.quebec\/portail\/wp-content\/uploads\/2022\/07\/Schema-Limites-administratives.pdf\" target=\"_blank\" rel=\"noreferrer noopener\">Sch\u00e9ma &#8211; Limites administratives<\/a><a href=\"http:\/\/gociteweb.longueuil.quebec\/portail\/wp-content\/uploads\/2022\/07\/Schema-Limites-administratives.pdf\" class=\"wp-block-file__button\" download aria-describedby=\"wp-block-file--media-4e0d106c-753e-484c-b059-23016aaf0076\">T\u00e9l\u00e9charger<\/a><\/div>\n\n\n\n<div class=\"wp-block-file\"><a id=\"wp-block-file--media-4e0d106c-753e-484c-b059-23016aaf0076\" href=\"http:\/\/gociteweb.longueuil.quebec\/portail\/wp-content\/uploads\/2022\/07\/Schema-Loi-justice-et-securite-publique.pdf\" target=\"_blank\" rel=\"noreferrer noopener\">Sch\u00e9ma &#8211; Loi justice et s\u00e9curit\u00e9 publique<\/a><a href=\"http:\/\/gociteweb.longueuil.quebec\/portail\/wp-content\/uploads\/2022\/07\/Schema-Loi-justice-et-securite-publique.pdf\" class=\"wp-block-file__button\" download aria-describedby=\"wp-block-file--media-4e0d106c-753e-484c-b059-23016aaf0076\">T\u00e9l\u00e9charger<\/a><\/div>\n\n\n\n<div class=\"wp-block-file\"><a id=\"wp-block-file--media-4e0d106c-753e-484c-b059-23016aaf0076\" href=\"http:\/\/gociteweb.longueuil.quebec\/portail\/wp-content\/uploads\/2022\/07\/Schema-Parcs-et-espaces-verts.pdf\" target=\"_blank\" rel=\"noreferrer noopener\">Sch\u00e9ma &#8211; Parcs et espaces verts<\/a><a href=\"http:\/\/gociteweb.longueuil.quebec\/portail\/wp-content\/uploads\/2022\/07\/Schema-Parcs-et-espaces-verts.pdf\" class=\"wp-block-file__button\" download aria-describedby=\"wp-block-file--media-4e0d106c-753e-484c-b059-23016aaf0076\">T\u00e9l\u00e9charger<\/a><\/div>\n\n\n\n<div class=\"wp-block-file\"><a id=\"wp-block-file--media-4e0d106c-753e-484c-b059-23016aaf0076\" href=\"http:\/\/gociteweb.longueuil.quebec\/portail\/wp-content\/uploads\/2022\/06\/Schema-Reseau-de-transport-de-Longueuil.pdf\" target=\"_blank\" rel=\"noreferrer noopener\">Sch\u00e9ma &#8211; R\u00e9seau de transport de Longueuil<\/a><a href=\"http:\/\/gociteweb.longueuil.quebec\/portail\/wp-content\/uploads\/2022\/06\/Schema-Reseau-de-transport-de-Longueuil.pdf\" class=\"wp-block-file__button\" download aria-describedby=\"wp-block-file--media-4e0d106c-753e-484c-b059-23016aaf0076\">T\u00e9l\u00e9charger<\/a><\/div>\n\n\n\n<div class=\"wp-block-file\"><a id=\"wp-block-file--media-4e0d106c-753e-484c-b059-23016aaf0076\" href=\"http:\/\/gociteweb.longueuil.quebec\/portail\/wp-content\/uploads\/2022\/07\/Schema-Topographie-et-hydrographie.pdf\" target=\"_blank\" rel=\"noreferrer noopener\">Sch\u00e9ma &#8211; Topographie et hydrographie<\/a><a href=\"http:\/\/gociteweb.longueuil.quebec\/portail\/wp-content\/uploads\/2022\/07\/Schema-Topographie-et-hydrographie.pdf\" class=\"wp-block-file__button\" download aria-describedby=\"wp-block-file--media-4e0d106c-753e-484c-b059-23016aaf0076\">T\u00e9l\u00e9charger<\/a><\/div>\n\n\n\n<div class=\"wp-block-file\"><a id=\"wp-block-file--media-4e0d106c-753e-484c-b059-23016aaf0076\" href=\"http:\/\/gociteweb.longueuil.quebec\/portail\/wp-content\/uploads\/2022\/06\/Schema-Urbanisme-et-amenagement.pdf\" target=\"_blank\" rel=\"noreferrer noopener\">Sch\u00e9ma &#8211; Urbanisme et am\u00e9nagement<\/a><a href=\"http:\/\/gociteweb.longueuil.quebec\/portail\/wp-content\/uploads\/2022\/06\/Schema-Urbanisme-et-amenagement.pdf\" class=\"wp-block-file__button\" download aria-describedby=\"wp-block-file--media-4e0d106c-753e-484c-b059-23016aaf0076\">T\u00e9l\u00e9charger<\/a><\/div>\n\n\n\n<p>Pour tout commentaire ou am\u00e9lioration sur ces sch\u00e9mas, veuillez nous envoyer un courriel \u00e0 l\u2019adresse&nbsp;<a href=\"mailto:geomatique@longueuil.quebec\" rel=\"noreferrer noopener\" target=\"_blank\">geomatique@longueuil.quebec<\/a>&nbsp;ou via notre formulaire en ligne&nbsp;<a href=\"https:\/\/form.asana.com\/?k=GuIoyjUorUT7G5o2OIsk5Q&amp;d=111534444939537\" rel=\"noreferrer noopener\" target=\"_blank\">Vos commentaires<\/a>.<\/p>\n","protected":false},"excerpt":{"rendered":"<p>Suite \u00e0 un projet d\u2019am\u00e9lioration continue commenc\u00e9 en 2021 par le service de la g\u00e9omatique et technologies innovantes, nous avons proc\u00e9d\u00e9 \u00e0 une s\u00e9rie de rencontres de concert avec diff\u00e9rents intervenants de tous les domaines afin d\u2019\u00e9tablir 11 sch\u00e9mas de mise \u00e0 jour s\u2019appliquant \u00e0 l\u2019ensemble des 400 couches disponibles via GOcit\u00e9 web. Il est [&hellip;]<\/p>\n","protected":false},"author":1,"featured_media":0,"parent":0,"menu_order":0,"comment_status":"closed","ping_status":"closed","template":"","meta":{"zakra_sidebar_layout":"customizer","zakra_remove_content_margin":false,"zakra_sidebar":"customizer","zakra_transparent_header":"customizer","zakra_logo":0,"zakra_main_header_style":"default","zakra_menu_item_color":"","zakra_menu_item_hover_color":null,"zakra_menu_item_active_color":"","zakra_menu_active_style":"zakra_menu_active_style","zakra_page_header":true,"_monsterinsights_skip_tracking":false,"_monsterinsights_sitenote_active":false,"_monsterinsights_sitenote_note":"","_monsterinsights_sitenote_category":0,"footnotes":""},"_links":{"self":[{"href":"https:\/\/gociteweb.longueuil.quebec\/portail\/wp-json\/wp\/v2\/pages\/1423"}],"collection":[{"href":"https:\/\/gociteweb.longueuil.quebec\/portail\/wp-json\/wp\/v2\/pages"}],"about":[{"href":"https:\/\/gociteweb.longueuil.quebec\/portail\/wp-json\/wp\/v2\/types\/page"}],"author":[{"embeddable":true,"href":"https:\/\/gociteweb.longueuil.quebec\/portail\/wp-json\/wp\/v2\/users\/1"}],"replies":[{"embeddable":true,"href":"https:\/\/gociteweb.longueuil.quebec\/portail\/wp-json\/wp\/v2\/comments?post=1423"}],"version-history":[{"count":3,"href":"https:\/\/gociteweb.longueuil.quebec\/portail\/wp-json\/wp\/v2\/pages\/1423\/revisions"}],"predecessor-version":[{"id":1431,"href":"https:\/\/gociteweb.longueuil.quebec\/portail\/wp-json\/wp\/v2\/pages\/1423\/revisions\/1431"}],"wp:attachment":[{"href":"https:\/\/gociteweb.longueuil.quebec\/portail\/wp-json\/wp\/v2\/media?parent=1423"}],"curies":[{"name":"wp","href":"https:\/\/api.w.org\/{rel}","templated":true}]}}